{"id":77727,"date":"2023-11-09T13:44:18","date_gmt":"2023-11-09T16:44:18","guid":{"rendered":"https:\/\/2024uciparatrack.com\/en\/?page_id=77727"},"modified":"2024-02-01T12:38:38","modified_gmt":"2024-02-01T15:38:38","slug":"rio-de-janeiro","status":"publish","type":"page","link":"https:\/\/2024uciparatrack.com\/en\/rio-de-janeiro\/","title":{"rendered":"Rio de Janeiro"},"content":{"rendered":"\t\t<div data-elementor-type=\"wp-page\" data-elementor-id=\"77727\" class=\"elementor elementor-77727\" data-elementor-post-type=\"page\">\n\t\t\t\t\t\t\t\t\t<section class=\"elementor-section elementor-top-section elementor-element elementor-element-27da6957 elementor-section-boxed elementor-section-height-default elementor-section-height-default\" data-id=\"27da6957\" data-element_type=\"section\">\n\t\t\t\t\t\t<div class=\"elementor-container elementor-column-gap-wider\">\n\t\t\t\t\t<div class=\"elementor-column elementor-col-50 elementor-top-column elementor-element elementor-element-2f1e543d\" data-id=\"2f1e543d\" data-element_type=\"column\">\n\t\t\t<div class=\"elementor-widget-wrap elementor-element-populated\">\n\t\t\t\t\t\t\t\t<div class=\"elementor-element elementor-element-1a4ad5c1 elementor-widget__width-auto elementor-widget elementor-widget-heading\" data-id=\"1a4ad5c1\" data-element_type=\"widget\" data-widget_type=\"heading.default\">\n\t\t\t\t<div class=\"elementor-widget-container\">\n\t\t\t<h3 class=\"elementor-heading-title elementor-size-default\">GENERAL INFORMATION <\/h3>\t\t<\/div>\n\t\t\t\t<\/div>\n\t\t\t\t<div class=\"elementor-element elementor-element-1f250ffc elementor-widget elementor-widget-spacer\" data-id=\"1f250ffc\" data-element_type=\"widget\" data-widget_type=\"spacer.default\">\n\t\t\t\t<div class=\"elementor-widget-container\">\n\t\t\t\t\t<div class=\"elementor-spacer\">\n\t\t\t<div class=\"elementor-spacer-inner\"><\/div>\n\t\t<\/div>\n\t\t\t\t<\/div>\n\t\t\t\t<\/div>\n\t\t\t\t<div class=\"elementor-element elementor-element-45449b47 elementor-widget elementor-widget-text-editor\" data-id=\"45449b47\" data-element_type=\"widget\" data-widget_type=\"text-editor.default\">\n\t\t\t\t<div class=\"elementor-widget-container\">\n\t\t\t\t\t\t\t<p>Rio de Janeiro is located in the state of the same name in the southeastern part of the country&#8217;s Atlantic Coast. It is one of the most visited cities in the southern hemisphere. Rio is a postcard city, with lush green mountains, lakes, and long white sandy beaches. It is home to the Sugarloaf Mountain (P\u00e3o de A\u00e7\u00facar), the Maracan\u00e3 stadium, the Guanabara Bay, and, overlooking it all, the statue of Christ the Redeemer. It&#8217;s no wonder Rio is known as the &#8220;Marvelous City&#8221;. The hospitality of the locals can be witnessed on the streets, in bars, and on the beach.<\/p><p><strong>Population:<\/strong> 6.211.423 &#8211; estimated in 2023<br \/><strong>Area:<\/strong> 1.197 km\u00b2 (Brazil: 8,515,767 km\u00b2)<br \/><strong>Altitude:<\/strong> 2m\u00a0<\/p><p><strong>Official language:<\/strong> Portuguese<br \/><strong>Money currency:<\/strong> Brazilian Real<br \/><strong>Local Time:<\/strong> Greenwich Mean Time (GMT) -3<\/p><p><strong>Climate<\/strong><br \/>March is hot and sunny in Rio de Janeiro, with temperatures ranging from 23\u00b0C at night to 29\u00b0C in the afternoon. The sea temperature reaches its annual maximum this month and has an average of the same air temperature.<\/p><p>Precipitation generally accumulates to 103 mm over 12 days of the month. The chance of precipitation occurring on any given day is about 45%. Light rain occurs on 24% of these days. Fraction levels vary between 54% and 97%, which is quite high by all accounts. This is a tropical, hot, and quite humid destination. Cloud coverage tends to fluctuate around 67% throughout March, with little variation. In terms of sunlight, there are 7 hours of sunshine per day on average, which happens to be the highest number in the entire year.<br \/><br \/>Voltage: 110-120 Volts<\/p>\t\t\t\t\t\t<\/div>\n\t\t\t\t<\/div>\n\t\t\t\t<div class=\"elementor-element elementor-element-d399869 elementor-widget elementor-widget-spacer\" data-id=\"d399869\" data-element_type=\"widget\" data-widget_type=\"spacer.default\">\n\t\t\t\t<div class=\"elementor-widget-container\">\n\t\t\t\t\t<div class=\"elementor-spacer\">\n\t\t\t<div class=\"elementor-spacer-inner\"><\/div>\n\t\t<\/div>\n\t\t\t\t<\/div>\n\t\t\t\t<\/div>\n\t\t\t\t<div class=\"elementor-element elementor-element-068cf3b elementor-button-info elementor-widget elementor-widget-button\" data-id=\"068cf3b\" data-element_type=\"widget\" data-widget_type=\"button.default\">\n\t\t\t\t<div class=\"elementor-widget-container\">\n\t\t\t\t\t<div class=\"elementor-button-wrapper\">\n\t\t\t<a class=\"elementor-button elementor-button-link elementor-size-sm\" href=\"https:\/\/2024uciparatrack.com\/en\/a9r121fchw_1xbwvyr_8no\/\">\n\t\t\t\t\t\t<span class=\"elementor-button-content-wrapper\">\n\t\t\t\t\t\t<span class=\"elementor-button-text\">View Brazilian plug and socket pattern<\/span>\n\t\t<\/span>\n\t\t\t\t\t<\/a>\n\t\t<\/div>\n\t\t\t\t<\/div>\n\t\t\t\t<\/div>\n\t\t\t\t\t<\/div>\n\t\t<\/div>\n\t\t\t\t<div class=\"elementor-column elementor-col-50 elementor-top-column elementor-element elementor-element-1ee809ca\" data-id=\"1ee809ca\" data-element_type=\"column\">\n\t\t\t<div class=\"elementor-widget-wrap elementor-element-populated\">\n\t\t\t\t\t\t\t\t<div class=\"elementor-element elementor-element-23dd46a0 elementor-widget elementor-widget-image\" data-id=\"23dd46a0\" data-element_type=\"widget\" data-widget_type=\"image.default\">\n\t\t\t\t<div class=\"elementor-widget-container\">\n\t\t\t\t\t\t\t\t\t\t\t\t\t\t\t<img loading=\"lazy\" decoding=\"async\" width=\"706\" height=\"1024\" src=\"https:\/\/2024uciparatrack.com\/en\/wp-content\/uploads\/2024\/01\/Banner1_706_1024.jpg\" class=\"attachment-full size-full wp-image-77973\" alt=\"\" srcset=\"https:\/\/2024uciparatrack.com\/en\/wp-content\/uploads\/2024\/01\/Banner1_706_1024.jpg 706w, https:\/\/2024uciparatrack.com\/en\/wp-content\/uploads\/2024\/01\/Banner1_706_1024-207x300.jpg 207w\" sizes=\"auto, (max-width: 706px) 100vw, 706px\" \/>\t\t\t\t\t\t\t\t\t\t\t\t\t\t\t<\/div>\n\t\t\t\t<\/div>\n\t\t\t\t\t<\/div>\n\t\t<\/div>\n\t\t\t\t\t\t\t<\/div>\n\t\t<\/section>\n\t\t\t\t\t\t\t<\/div>\n\t\t","protected":false},"excerpt":{"rendered":"<p>GENERAL INFORMATION Rio de Janeiro is located in the state of the same name in the southeastern part of the country&#8217;s Atlantic Coast. It is one of the most visited cities in the southern hemisphere. Rio is a postcard city, with lush green mountains, lakes, and long white sandy beaches. It is home to the&hellip;<\/p>\n","protected":false},"author":1,"featured_media":0,"parent":0,"menu_order":0,"comment_status":"closed","ping_status":"closed","template":"","meta":{"cybocfi_hide_featured_image":"","footnotes":""},"class_list":["post-77727","page","type-page","status-publish","hentry"],"_links":{"self":[{"href":"https:\/\/2024uciparatrack.com\/en\/wp-json\/wp\/v2\/pages\/77727","targetHints":{"allow":["GET"]}}],"collection":[{"href":"https:\/\/2024uciparatrack.com\/en\/wp-json\/wp\/v2\/pages"}],"about":[{"href":"https:\/\/2024uciparatrack.com\/en\/wp-json\/wp\/v2\/types\/page"}],"author":[{"embeddable":true,"href":"https:\/\/2024uciparatrack.com\/en\/wp-json\/wp\/v2\/users\/1"}],"replies":[{"embeddable":true,"href":"https:\/\/2024uciparatrack.com\/en\/wp-json\/wp\/v2\/comments?post=77727"}],"version-history":[{"count":31,"href":"https:\/\/2024uciparatrack.com\/en\/wp-json\/wp\/v2\/pages\/77727\/revisions"}],"predecessor-version":[{"id":78307,"href":"https:\/\/2024uciparatrack.com\/en\/wp-json\/wp\/v2\/pages\/77727\/revisions\/78307"}],"wp:attachment":[{"href":"https:\/\/2024uciparatrack.com\/en\/wp-json\/wp\/v2\/media?parent=77727"}],"curies":[{"name":"wp","href":"https:\/\/api.w.org\/{rel}","templated":true}]}}